{"id":584,"date":"2025-03-21T18:35:45","date_gmt":"2025-03-21T17:35:45","guid":{"rendered":"https:\/\/lauratorrell.com\/?page_id=584"},"modified":"2025-03-21T18:38:07","modified_gmt":"2025-03-21T17:38:07","slug":"questionari-benestar","status":"publish","type":"page","link":"https:\/\/lauratorrell.com\/index.php\/questionari-benestar\/","title":{"rendered":"Q\u00fcestionari de benestar"},"content":{"rendered":"\t\t<div data-elementor-type=\"wp-post\" data-elementor-id=\"584\" class=\"elementor elementor-584\">\n\t\t\t\t<div class=\"elementor-element elementor-element-41b3db1 e-flex e-con-boxed e-con e-parent\" data-id=\"41b3db1\" data-element_type=\"container\" data-settings=\"{&quot;background_background&quot;:&quot;classic&quot;}\">\n\t\t\t\t\t<div class=\"e-con-inner\">\n\t\t\t\t<div class=\"elementor-element elementor-element-554d4ea elementor-widget elementor-widget-heading\" data-id=\"554d4ea\" data-element_type=\"widget\" data-widget_type=\"heading.default\">\n\t\t\t\t<div class=\"elementor-widget-container\">\n\t\t\t<h2 class=\"elementor-heading-title elementor-size-default\">AutoTest: Quin \u00e9s el teu bloqueig? \n<\/h2>\t\t<\/div>\n\t\t\t\t<\/div>\n\t\t\t\t\t<\/div>\n\t\t\t\t<\/div>\n\t\t<div class=\"elementor-element elementor-element-97a6a90 e-flex e-con-boxed e-con e-parent\" data-id=\"97a6a90\" data-element_type=\"container\">\n\t\t\t\t\t<div class=\"e-con-inner\">\n\t\t\t\t<div class=\"elementor-element elementor-element-ea78a73 elementor-widget elementor-widget-text-editor\" data-id=\"ea78a73\" data-element_type=\"widget\" data-widget_type=\"text-editor.default\">\n\t\t\t\t<div class=\"elementor-widget-container\">\n\t\t\t\t\t\t\t<div>Et sents <strong>esgotada<\/strong>, <strong>atrapada en conflictes<\/strong> o <strong>sense claredat<\/strong>?\u00a0<\/div><div>\u00a0<\/div><div>Moltes persones se senten atrapades en situacions que es repeteixen, sense entendre per qu\u00e8. I si els preguntes, de fet, et diran que &#8220;<strong>ni tan sols saben exactament qu\u00e8 els molesta<\/strong>&#8220;&#8230;<\/div><div>\u00a0<\/div><div>Aquest test est\u00e0 dissenyat per donar-te una <strong>visi\u00f3 clar<\/strong>a del teu estat emocional i mental, i ajudar-te a veure quins s\u00f3n els <strong>seg\u00fcents passos per sentir-te millor<\/strong>.<\/div><div>\u00a0<\/div><div><h3 data-start=\"1116\" data-end=\"1189\"><strong data-start=\"1123\" data-end=\"1187\">Fent el test aconseguir\u00e0s&#8230;<\/strong><\/h3><ul data-start=\"1190\" data-end=\"1364\"><li data-start=\"1190\" data-end=\"1241\">Descobrir quin \u00e9s el teu <strong>principal<\/strong> bloqueig.<\/li><li data-start=\"1242\" data-end=\"1293\"><strong>Entendre millor<\/strong> el teu estat emocional actual.<\/li><li data-start=\"1294\" data-end=\"1364\">Tenir, autom\u00e0ticament, <strong>recomanacions personalitzades<\/strong> per comen\u00e7ar a transformar-lo (i transformar-te!).<\/li><\/ul><p><strong>\u00c9s f\u00e0cil, r\u00e0pid i gratu\u00eft! Nom\u00e9s necessitar\u00e0s 5 minuts per omplir-lo. T&#8217;hi animes? \ud83d\ude09<\/strong><\/p><\/div>\t\t\t\t\t\t<\/div>\n\t\t\t\t<\/div>\n\t\t\t\t\t<\/div>\n\t\t\t\t<\/div>\n\t\t<div class=\"elementor-element elementor-element-bb0f657 e-flex e-con-boxed e-con e-parent\" data-id=\"bb0f657\" data-element_type=\"container\">\n\t\t\t\t\t<div class=\"e-con-inner\">\n\t\t\t\t<div class=\"elementor-element elementor-element-15cfad6 elementor-align-center elementor-widget elementor-widget-button\" data-id=\"15cfad6\" data-element_type=\"widget\" data-widget_type=\"button.default\">\n\t\t\t\t<div class=\"elementor-widget-container\">\n\t\t\t\t\t<div class=\"elementor-button-wrapper\">\n\t\t\t<a class=\"elementor-button elementor-button-link elementor-size-sm\" href=\"https:\/\/forms.gle\/wdhtsPa42u6qry7s7\">\n\t\t\t\t\t\t<span class=\"elementor-button-content-wrapper\">\n\t\t\t\t\t\t\t\t\t<span class=\"elementor-button-text\">Vull fer el test!<\/span>\n\t\t\t\t\t<\/span>\n\t\t\t\t\t<\/a>\n\t\t<\/div>\n\t\t\t\t<\/div>\n\t\t\t\t<\/div>\n\t\t\t\t\t<\/div>\n\t\t\t\t<\/div>\n\t\t<div class=\"elementor-element elementor-element-a0f8718 e-flex e-con-boxed e-con e-parent\" data-id=\"a0f8718\" data-element_type=\"container\">\n\t\t\t\t\t<div class=\"e-con-inner\">\n\t\t\t\t<div class=\"elementor-element elementor-element-fff4440 elementor-widget elementor-widget-spacer\" data-id=\"fff4440\" data-element_type=\"widget\" data-widget_type=\"spacer.default\">\n\t\t\t\t<div class=\"elementor-widget-container\">\n\t\t\t\t\t<div class=\"elementor-spacer\">\n\t\t\t<div class=\"elementor-spacer-inner\"><\/div>\n\t\t<\/div>\n\t\t\t\t<\/div>\n\t\t\t\t<\/div>\n\t\t\t\t<div class=\"elementor-element elementor-element-b4c6206 elementor-widget-divider--view-line elementor-widget elementor-widget-divider\" data-id=\"b4c6206\" data-element_type=\"widget\" data-widget_type=\"divider.default\">\n\t\t\t\t<div class=\"elementor-widget-container\">\n\t\t\t\t\t<div class=\"elementor-divider\">\n\t\t\t<span class=\"elementor-divider-separator\">\n\t\t\t\t\t\t<\/span>\n\t\t<\/div>\n\t\t\t\t<\/div>\n\t\t\t\t<\/div>\n\t\t\t\t<div class=\"elementor-element elementor-element-d082e39 elementor-widget elementor-widget-spacer\" data-id=\"d082e39\" data-element_type=\"widget\" data-widget_type=\"spacer.default\">\n\t\t\t\t<div class=\"elementor-widget-container\">\n\t\t\t\t\t<div class=\"elementor-spacer\">\n\t\t\t<div class=\"elementor-spacer-inner\"><\/div>\n\t\t<\/div>\n\t\t\t\t<\/div>\n\t\t\t\t<\/div>\n\t\t\t\t\t<\/div>\n\t\t\t\t<\/div>\n\t\t<div class=\"elementor-element elementor-element-4288552a e-flex e-con-boxed e-con e-parent\" data-id=\"4288552a\" data-element_type=\"container\">\n\t\t\t\t\t<div class=\"e-con-inner\">\n\t\t\t\t<div class=\"elementor-element elementor-element-63aef4 elementor-widget elementor-widget-text-editor\" data-id=\"63aef4\" data-element_type=\"widget\" data-widget_type=\"text-editor.default\">\n\t\t\t\t<div class=\"elementor-widget-container\">\n\t\t\t\t\t\t\t<h2>Si t&#8217;has quedat amb ganes de m\u00e9s, pots&#8230;<\/h2><p><a href=\"https:\/\/lauratorrell.com\/index.php\/serveis\/\"><br \/>Descobrir els meus serveis<br \/><\/a><br \/><a href=\"https:\/\/lauratorrell.com\/index.php\/contacte\/\" target=\"_blank\" rel=\"noopener\"><br \/>Reservar la teva consulta<br \/><\/a><br \/><a href=\"https:\/\/www.instagram.com\/lauratorrell_\/\" target=\"_blank\" rel=\"noopener\"><br \/>Seguir-me a xarxes<br \/><\/a><\/p>\t\t\t\t\t\t<\/div>\n\t\t\t\t<\/div>\n\t\t\t\t\t<\/div>\n\t\t\t\t<\/div>\n\t\t\t\t<\/div>\n\t\t","protected":false},"excerpt":{"rendered":"<p>AutoTest: Quin \u00e9s el teu bloqueig? Et sents esgotada, atrapada en conflictes o sense claredat?\u00a0\u00a0Moltes persones se senten atrapades en [&hellip;]<\/p>\n","protected":false},"author":1,"featured_media":0,"parent":0,"menu_order":0,"comment_status":"closed","ping_status":"closed","template":"","meta":{"_monsterinsights_skip_tracking":false,"_monsterinsights_sitenote_active":false,"_monsterinsights_sitenote_note":"","_monsterinsights_sitenote_category":0,"_uf_show_specific_survey":0,"_uf_disable_surveys":false,"site-sidebar-layout":"no-sidebar","site-content-layout":"","ast-site-content-layout":"full-width-container","site-content-style":"default","site-sidebar-style":"default","ast-global-header-display":"","ast-banner-title-visibility":"","ast-main-header-display":"","ast-hfb-above-header-display":"","ast-hfb-below-header-display":"","ast-hfb-mobile-header-display":"","site-post-title":"disabled","ast-breadcrumbs-content":"","ast-featured-img":"disabled","footer-sml-layout":"","theme-transparent-header-meta":"","adv-header-id-meta":"","stick-header-meta":"","header-above-stick-meta":"","header-main-stick-meta":"","header-below-stick-meta":"","astra-migrate-meta-layouts":"default","ast-page-background-enabled":"default","ast-page-background-meta":{"desktop":{"background-color":"var(--ast-global-color-4)","background-image":"","background-repeat":"repeat","background-position":"center center","background-size":"auto","background-attachment":"scroll","background-type":"","background-media":"","overlay-type":"","overlay-color":"","overlay-opacity":"","overlay-gradient":""},"tablet":{"background-color":"","background-image":"","background-repeat":"repeat","background-position":"center center","background-size":"auto","background-attachment":"scroll","background-type":"","background-media":"","overlay-type":"","overlay-color":"","overlay-opacity":"","overlay-gradient":""},"mobile":{"background-color":"","background-image":"","background-repeat":"repeat","background-position":"center center","background-size":"auto","background-attachment":"scroll","background-type":"","background-media":"","overlay-type":"","overlay-color":"","overlay-opacity":"","overlay-gradient":""}},"ast-content-background-meta":{"desktop":{"background-color":"var(--ast-global-color-5)","background-image":"","background-repeat":"repeat","background-position":"center center","background-size":"auto","background-attachment":"scroll","background-type":"","background-media":"","overlay-type":"","overlay-color":"","overlay-opacity":"","overlay-gradient":""},"tablet":{"background-color":"var(--ast-global-color-5)","background-image":"","background-repeat":"repeat","background-position":"center center","background-size":"auto","background-attachment":"scroll","background-type":"","background-media":"","overlay-type":"","overlay-color":"","overlay-opacity":"","overlay-gradient":""},"mobile":{"background-color":"var(--ast-global-color-5)","background-image":"","background-repeat":"repeat","background-position":"center center","background-size":"auto","background-attachment":"scroll","background-type":"","background-media":"","overlay-type":"","overlay-color":"","overlay-opacity":"","overlay-gradient":""}},"footnotes":""},"class_list":["post-584","page","type-page","status-publish","hentry"],"yoast_head":"<!-- This site is optimized with the Yoast SEO plugin v24.0 - https:\/\/yoast.com\/wordpress\/plugins\/seo\/ -->\n<title>Q\u00fcestionari de benestar - Laura Torrell<\/title>\n<meta name=\"robots\" content=\"index, follow, max-snippet:-1, max-image-preview:large, max-video-preview:-1\" \/>\n<link rel=\"canonical\" href=\"https:\/\/lauratorrell.com\/index.php\/questionari-benestar\/\" \/>\n<meta property=\"og:locale\" content=\"ca_ES\" \/>\n<meta property=\"og:type\" content=\"article\" \/>\n<meta property=\"og:title\" content=\"Q\u00fcestionari de benestar - Laura Torrell\" \/>\n<meta property=\"og:description\" content=\"AutoTest: Quin \u00e9s el teu bloqueig? Et sents esgotada, atrapada en conflictes o sense claredat?\u00a0\u00a0Moltes persones se senten atrapades en [&hellip;]\" \/>\n<meta property=\"og:url\" content=\"https:\/\/lauratorrell.com\/index.php\/questionari-benestar\/\" \/>\n<meta property=\"og:site_name\" content=\"Laura Torrell\" \/>\n<meta property=\"article:modified_time\" content=\"2025-03-21T17:38:07+00:00\" \/>\n<meta name=\"twitter:card\" content=\"summary_large_image\" \/>\n<meta name=\"twitter:label1\" content=\"Temps estimat de lectura\" \/>\n\t<meta name=\"twitter:data1\" content=\"1 minut\" \/>\n<script type=\"application\/ld+json\" class=\"yoast-schema-graph\">{\"@context\":\"https:\/\/schema.org\",\"@graph\":[{\"@type\":\"WebPage\",\"@id\":\"https:\/\/lauratorrell.com\/index.php\/questionari-benestar\/\",\"url\":\"https:\/\/lauratorrell.com\/index.php\/questionari-benestar\/\",\"name\":\"Q\u00fcestionari de benestar - Laura Torrell\",\"isPartOf\":{\"@id\":\"https:\/\/lauratorrell.com\/#website\"},\"datePublished\":\"2025-03-21T17:35:45+00:00\",\"dateModified\":\"2025-03-21T17:38:07+00:00\",\"breadcrumb\":{\"@id\":\"https:\/\/lauratorrell.com\/index.php\/questionari-benestar\/#breadcrumb\"},\"inLanguage\":\"ca\",\"potentialAction\":[{\"@type\":\"ReadAction\",\"target\":[\"https:\/\/lauratorrell.com\/index.php\/questionari-benestar\/\"]}]},{\"@type\":\"BreadcrumbList\",\"@id\":\"https:\/\/lauratorrell.com\/index.php\/questionari-benestar\/#breadcrumb\",\"itemListElement\":[{\"@type\":\"ListItem\",\"position\":1,\"name\":\"Inici\",\"item\":\"https:\/\/lauratorrell.com\/\"},{\"@type\":\"ListItem\",\"position\":2,\"name\":\"Q\u00fcestionari de benestar\"}]},{\"@type\":\"WebSite\",\"@id\":\"https:\/\/lauratorrell.com\/#website\",\"url\":\"https:\/\/lauratorrell.com\/\",\"name\":\"Laura Torrell\",\"description\":\"Benestar emocional, laboral i familiar\",\"publisher\":{\"@id\":\"https:\/\/lauratorrell.com\/#organization\"},\"potentialAction\":[{\"@type\":\"SearchAction\",\"target\":{\"@type\":\"EntryPoint\",\"urlTemplate\":\"https:\/\/lauratorrell.com\/?s={search_term_string}\"},\"query-input\":{\"@type\":\"PropertyValueSpecification\",\"valueRequired\":true,\"valueName\":\"search_term_string\"}}],\"inLanguage\":\"ca\"},{\"@type\":\"Organization\",\"@id\":\"https:\/\/lauratorrell.com\/#organization\",\"name\":\"Laura Torrell\",\"url\":\"https:\/\/lauratorrell.com\/\",\"logo\":{\"@type\":\"ImageObject\",\"inLanguage\":\"ca\",\"@id\":\"https:\/\/lauratorrell.com\/#\/schema\/logo\/image\/\",\"url\":\"https:\/\/lauratorrell.com\/wp-content\/uploads\/2024\/10\/2-1.png\",\"contentUrl\":\"https:\/\/lauratorrell.com\/wp-content\/uploads\/2024\/10\/2-1.png\",\"width\":2000,\"height\":1414,\"caption\":\"Laura Torrell\"},\"image\":{\"@id\":\"https:\/\/lauratorrell.com\/#\/schema\/logo\/image\/\"},\"sameAs\":[\"https:\/\/www.instagram.com\/lauratorrell_\/\"]}]}<\/script>\n<!-- \/ Yoast SEO plugin. -->","yoast_head_json":{"title":"Q\u00fcestionari de benestar - Laura Torrell","robots":{"index":"index","follow":"follow","max-snippet":"max-snippet:-1","max-image-preview":"max-image-preview:large","max-video-preview":"max-video-preview:-1"},"canonical":"https:\/\/lauratorrell.com\/index.php\/questionari-benestar\/","og_locale":"ca_ES","og_type":"article","og_title":"Q\u00fcestionari de benestar - Laura Torrell","og_description":"AutoTest: Quin \u00e9s el teu bloqueig? Et sents esgotada, atrapada en conflictes o sense claredat?\u00a0\u00a0Moltes persones se senten atrapades en [&hellip;]","og_url":"https:\/\/lauratorrell.com\/index.php\/questionari-benestar\/","og_site_name":"Laura Torrell","article_modified_time":"2025-03-21T17:38:07+00:00","twitter_card":"summary_large_image","twitter_misc":{"Temps estimat de lectura":"1 minut"},"schema":{"@context":"https:\/\/schema.org","@graph":[{"@type":"WebPage","@id":"https:\/\/lauratorrell.com\/index.php\/questionari-benestar\/","url":"https:\/\/lauratorrell.com\/index.php\/questionari-benestar\/","name":"Q\u00fcestionari de benestar - Laura Torrell","isPartOf":{"@id":"https:\/\/lauratorrell.com\/#website"},"datePublished":"2025-03-21T17:35:45+00:00","dateModified":"2025-03-21T17:38:07+00:00","breadcrumb":{"@id":"https:\/\/lauratorrell.com\/index.php\/questionari-benestar\/#breadcrumb"},"inLanguage":"ca","potentialAction":[{"@type":"ReadAction","target":["https:\/\/lauratorrell.com\/index.php\/questionari-benestar\/"]}]},{"@type":"BreadcrumbList","@id":"https:\/\/lauratorrell.com\/index.php\/questionari-benestar\/#breadcrumb","itemListElement":[{"@type":"ListItem","position":1,"name":"Inici","item":"https:\/\/lauratorrell.com\/"},{"@type":"ListItem","position":2,"name":"Q\u00fcestionari de benestar"}]},{"@type":"WebSite","@id":"https:\/\/lauratorrell.com\/#website","url":"https:\/\/lauratorrell.com\/","name":"Laura Torrell","description":"Benestar emocional, laboral i familiar","publisher":{"@id":"https:\/\/lauratorrell.com\/#organization"},"potentialAction":[{"@type":"SearchAction","target":{"@type":"EntryPoint","urlTemplate":"https:\/\/lauratorrell.com\/?s={search_term_string}"},"query-input":{"@type":"PropertyValueSpecification","valueRequired":true,"valueName":"search_term_string"}}],"inLanguage":"ca"},{"@type":"Organization","@id":"https:\/\/lauratorrell.com\/#organization","name":"Laura Torrell","url":"https:\/\/lauratorrell.com\/","logo":{"@type":"ImageObject","inLanguage":"ca","@id":"https:\/\/lauratorrell.com\/#\/schema\/logo\/image\/","url":"https:\/\/lauratorrell.com\/wp-content\/uploads\/2024\/10\/2-1.png","contentUrl":"https:\/\/lauratorrell.com\/wp-content\/uploads\/2024\/10\/2-1.png","width":2000,"height":1414,"caption":"Laura Torrell"},"image":{"@id":"https:\/\/lauratorrell.com\/#\/schema\/logo\/image\/"},"sameAs":["https:\/\/www.instagram.com\/lauratorrell_\/"]}]}},"_links":{"self":[{"href":"https:\/\/lauratorrell.com\/index.php\/wp-json\/wp\/v2\/pages\/584","targetHints":{"allow":["GET"]}}],"collection":[{"href":"https:\/\/lauratorrell.com\/index.php\/wp-json\/wp\/v2\/pages"}],"about":[{"href":"https:\/\/lauratorrell.com\/index.php\/wp-json\/wp\/v2\/types\/page"}],"author":[{"embeddable":true,"href":"https:\/\/lauratorrell.com\/index.php\/wp-json\/wp\/v2\/users\/1"}],"replies":[{"embeddable":true,"href":"https:\/\/lauratorrell.com\/index.php\/wp-json\/wp\/v2\/comments?post=584"}],"version-history":[{"count":22,"href":"https:\/\/lauratorrell.com\/index.php\/wp-json\/wp\/v2\/pages\/584\/revisions"}],"predecessor-version":[{"id":606,"href":"https:\/\/lauratorrell.com\/index.php\/wp-json\/wp\/v2\/pages\/584\/revisions\/606"}],"wp:attachment":[{"href":"https:\/\/lauratorrell.com\/index.php\/wp-json\/wp\/v2\/media?parent=584"}],"curies":[{"name":"wp","href":"https:\/\/api.w.org\/{rel}","templated":true}]}}